{"id":2984,"date":"2025-10-15T07:37:28","date_gmt":"2025-10-15T05:37:28","guid":{"rendered":"https:\/\/mps-serrurerie.be\/?page_id=2984"},"modified":"2026-01-09T09:10:54","modified_gmt":"2026-01-09T07:10:54","slug":"accueil","status":"publish","type":"page","link":"https:\/\/mps-serrurerie.be\/","title":{"rendered":"Accueil"},"content":{"rendered":"\n<div class=\"wp-block-group alignfull has-white-background-color has-background has-small-font-size is-layout-flow wp-container-core-group-is-layout-0099bb29 wp-block-group-is-layout-flow\" style=\"border-style:none;border-width:0px;min-height:0px;margin-top:0;margin-bottom:0;padding-top:4.6rem;padding-right:var(--wp--preset--spacing--80);padding-bottom:4.6rem;padding-left:var(--wp--preset--spacing--80);background-image:url(&apos;https:\/\/mps-serrurerie.be\/wp-content\/uploads\/2025\/10\/iStock-813694826_MPSSerrurerie-5-scaled.webp&apos;);background-position:44% 30%;background-size:cover;\">\n<figure class=\"wp-block-image aligncenter size-large is-resized is-style-default\" style=\"margin-top:0;margin-right:0;margin-bottom:0;margin-left:0\"><img loading=\"lazy\" decoding=\"async\" width=\"1024\" height=\"658\" src=\"https:\/\/mps-serrurerie.be\/wp-content\/uploads\/2025\/10\/MPS-Serrurerie_logo-principal_couleurs_fond-fonce-1024x658.png\" alt=\"\" class=\"wp-image-2835\" style=\"aspect-ratio:1.556244713842684;width:280px;height:auto\" srcset=\"https:\/\/mps-serrurerie.be\/wp-content\/uploads\/2025\/10\/MPS-Serrurerie_logo-principal_couleurs_fond-fonce-1024x658.png 1024w, https:\/\/mps-serrurerie.be\/wp-content\/uploads\/2025\/10\/MPS-Serrurerie_logo-principal_couleurs_fond-fonce-300x193.png 300w, https:\/\/mps-serrurerie.be\/wp-content\/uploads\/2025\/10\/MPS-Serrurerie_logo-principal_couleurs_fond-fonce-768x493.png 768w, https:\/\/mps-serrurerie.be\/wp-content\/uploads\/2025\/10\/MPS-Serrurerie_logo-principal_couleurs_fond-fonce-1536x987.png 1536w, https:\/\/mps-serrurerie.be\/wp-content\/uploads\/2025\/10\/MPS-Serrurerie_logo-principal_couleurs_fond-fonce-2048x1316.png 2048w\" sizes=\"auto, (max-width: 1024px) 100vw, 1024px\" \/><\/figure>\n\n\n\n<p class=\"has-text-align-center\" style=\"font-size:clamp(16.293px, 1.018rem + ((1vw - 3.2px) * 0.68), 25px);\">La cl\u00e9 de votre <mark style=\"background-color:rgba(0, 0, 0, 0);color:#ed7a2d\" class=\"has-inline-color\">tranquillit\u00e9<\/mark><\/p>\n\n\n\n<p class=\"has-text-align-center has-background-color has-text-color has-link-color wp-elements-d7765825763a657dacf906a5a24f850a\" style=\"margin-bottom:var(--wp--preset--spacing--50);margin-left:0;font-size:clamp(14px, 0.875rem + ((1vw - 3.2px) * 0.078), 15px);\">D\u00e9pannage et ouvertures 24\/7<\/p>\n\n\n\n<div class=\"wp-block-buttons is-content-justification-center is-layout-flex wp-container-core-buttons-is-layout-2b69d536 wp-block-buttons-is-layout-flex\" style=\"margin-bottom:var(--wp--preset--spacing--80)\">\n<div class=\"wp-block-button\"><a class=\"wp-block-button__link has-base-color has-primary-background-color has-text-color has-background has-link-color has-custom-font-size wp-element-button\" href=\"https:\/\/mps-serrurerie.be\/?page_id=2869\" style=\"border-radius:30px;padding-top:15px;padding-right:25px;padding-bottom:15px;padding-left:25px;font-size:clamp(14px, 0.875rem + ((1vw - 3.2px) * 0.313), 18px);font-style:normal;font-weight:600\">Contactez-nous<\/a><\/div>\n\n\n<\/div>\n<\/div>\n\n\n\n<div class=\"wp-block-group alignfull has-palette-color-1-background-color has-background is-content-justification-center is-layout-constrained wp-container-core-group-is-layout-7168f471 wp-block-group-is-layout-constrained\" style=\"min-height:0px;margin-top:0;margin-bottom:0;padding-top:3.1rem;padding-right:var(--wp--preset--spacing--40);padding-bottom:3.1rem;padding-left:var(--wp--preset--spacing--40);font-size:clamp(14px, 0.875rem + ((1vw - 3.2px) * 0.078), 15px);line-height:1.7\">\n<div class=\"wp-block-columns is-layout-flex wp-container-core-columns-is-layout-2709eace wp-block-columns-is-layout-flex\">\n<div class=\"wp-block-column has-border-color has-palette-color-1-border-color has-background is-layout-constrained wp-container-core-column-is-layout-43d7deb6 wp-block-column-is-layout-constrained\" style=\"border-style:solid;border-width:2px;border-radius:20px;background-color:#efeeed;padding-top:18px;padding-right:30px;padding-bottom:18px;padding-left:30px\">\n<div class=\"wp-block-group is-content-justification-center is-nowrap is-layout-flex wp-container-core-group-is-layout-7960eb50 wp-block-group-is-layout-flex\" style=\"border-style:none;border-width:0px;min-height:0px;margin-top:0;margin-bottom:0;padding-top:0;padding-bottom:0\">\n<figure class=\"wp-block-image size-medium is-resized has-custom-border is-style-default\" style=\"margin-top:0;margin-right:0;margin-bottom:0;margin-left:0\"><img loading=\"lazy\" decoding=\"async\" width=\"300\" height=\"219\" src=\"https:\/\/mps-serrurerie.be\/wp-content\/uploads\/2025\/10\/Camionette_orange-2-300x219.webp\" alt=\"\" class=\"wp-image-2952\" style=\"border-radius:0%;width:80px\" srcset=\"https:\/\/mps-serrurerie.be\/wp-content\/uploads\/2025\/10\/Camionette_orange-2-300x219.webp 300w, https:\/\/mps-serrurerie.be\/wp-content\/uploads\/2025\/10\/Camionette_orange-2.webp 316w\" sizes=\"auto, (max-width: 300px) 100vw, 300px\" \/><\/figure>\n<\/div>\n\n\n\n<h2 class=\"wp-block-heading has-text-align-center has-palette-color-1-color has-text-color has-link-color has-medium-font-size wp-elements-5ed0b948d79143a1fec5a77466a5935d\" style=\"margin-top:15px;margin-bottom:0;padding-top:var(--wp--preset--spacing--30);padding-right:0;padding-bottom:var(--wp--preset--spacing--30);padding-left:0\">D\u00e9pannage 24\/7<\/h2>\n\n\n\n<p class=\"has-text-align-center has-palette-color-1-color has-text-color has-link-color wp-elements-431b77f69bcf5190ed702f2a0555d8a0\" style=\"margin-top:var(--wp--preset--spacing--20);margin-bottom:16px;font-size:clamp(14px, 0.875rem + ((1vw - 3.2px) * 0.078), 15px);\">Porte claqu\u00e9e, perte de cl\u00e9s ou cl\u00e9 cass\u00e9e? Vous n&rsquo;arrivez pas \u00e0 d\u00e9verrouiller votre porte?<\/p>\n\n\n\n<div class=\"wp-block-buttons is-horizontal is-content-justification-center is-layout-flex wp-container-core-buttons-is-layout-0f8696ce wp-block-buttons-is-layout-flex\" style=\"padding-top:2.7rem;padding-bottom:0\">\n<div class=\"wp-block-button is-style-fill\"><a class=\"wp-block-button__link wp-element-button\" href=\"https:\/\/mps-serrurerie.be\/?page_id=2846\" style=\"border-radius:30px\">Plus d&rsquo;infos<\/a><\/div>\n<\/div>\n<\/div>\n\n\n\n<div class=\"wp-block-column has-border-color has-palette-color-1-border-color has-background is-layout-constrained wp-container-core-column-is-layout-219b39b7 wp-block-column-is-layout-constrained\" style=\"border-style:solid;border-width:2px;border-radius:20px;background-color:#efeeed;padding-top:18px;padding-right:30px;padding-bottom:18px;padding-left:30px\">\n<div class=\"wp-block-group is-content-justification-center is-nowrap is-layout-flex wp-container-core-group-is-layout-de41c3dd wp-block-group-is-layout-flex\" style=\"margin-bottom:var(--wp--preset--spacing--40);padding-top:0;padding-bottom:0\">\n<figure class=\"wp-block-image size-full is-resized has-custom-border\" style=\"margin-top:0;margin-bottom:0\"><img loading=\"lazy\" decoding=\"async\" width=\"215\" height=\"301\" src=\"https:\/\/mps-serrurerie.be\/wp-content\/uploads\/2025\/10\/Serrure_orange.webp\" alt=\"\" class=\"wp-image-2813\" style=\"border-radius:0%;width:50px\"\/><\/figure>\n<\/div>\n\n\n\n<h2 class=\"wp-block-heading has-text-align-center has-palette-color-1-color has-text-color has-link-color has-medium-font-size wp-elements-2bd9c1004ada9c359dd755604e31c52b\" style=\"margin-top:10px;margin-bottom:var(--wp--preset--spacing--20)\">S\u00e9curisation<\/h2>\n\n\n\n<p class=\"has-text-align-center has-palette-color-1-color has-text-color has-link-color wp-elements-4819dd5b67035f4d31659ab14b43fbff\" style=\"padding-top:var(--wp--preset--spacing--20);padding-bottom:var(--wp--preset--spacing--60);font-size:clamp(14px, 0.875rem + ((1vw - 3.2px) * 0.078), 15px);\">Besoin de s\u00e9curiser votre porte ? Il existe plusieurs solutions en fonction de la configuration de votre porte.<\/p>\n\n\n\n<div class=\"wp-block-buttons is-content-justification-center is-layout-flex wp-container-core-buttons-is-layout-3004694b wp-block-buttons-is-layout-flex\" style=\"border-style:none;border-width:0px;border-top-left-radius:0px;border-top-right-radius:0px;border-bottom-left-radius:0px;border-bottom-right-radius:0px;margin-top:0;margin-bottom:0;padding-top:0;padding-bottom:0\">\n<div class=\"wp-block-button\"><a class=\"wp-block-button__link wp-element-button\" href=\"https:\/\/mps-serrurerie.be\/?page_id=2846#secu\" style=\"border-radius:30px\">Plus d&rsquo;infos<\/a><\/div>\n<\/div>\n<\/div>\n\n\n\n<div class=\"wp-block-column has-border-color has-palette-color-1-border-color has-background is-layout-constrained wp-container-core-column-is-layout-6c848f82 wp-block-column-is-layout-constrained\" style=\"border-style:solid;border-width:2px;border-radius:20px;background-color:#efeeed;padding-top:18px;padding-right:30px;padding-bottom:18px;padding-left:30px\">\n<div class=\"wp-block-group is-content-justification-center is-nowrap is-layout-flex wp-container-core-group-is-layout-72629dda wp-block-group-is-layout-flex\" style=\"margin-top:0;margin-bottom:0;padding-top:0;padding-bottom:0\">\n<figure class=\"wp-block-image size-full is-resized has-custom-border is-style-default\"><img loading=\"lazy\" decoding=\"async\" width=\"287\" height=\"293\" src=\"https:\/\/mps-serrurerie.be\/wp-content\/uploads\/2025\/10\/Cle_orange-1.webp\" alt=\"\" class=\"wp-image-2953\" style=\"border-radius:0%;width:60px\"\/><\/figure>\n<\/div>\n\n\n\n<h2 class=\"wp-block-heading has-text-align-center has-palette-color-1-color has-text-color has-link-color has-medium-font-size wp-elements-06d273de41e7faeb8ce79d56ad5154b0\" style=\"margin-top:25px\">Ouverture de v\u00e9hicule<\/h2>\n\n\n\n<p class=\"has-text-align-center has-palette-color-1-color has-text-color has-link-color wp-elements-cabc96e8ecea0bcfbe2628564fb0005f\" style=\"padding-top:0px;font-size:clamp(14px, 0.875rem + ((1vw - 3.2px) * 0.078), 15px);\">Grace \u00e0 diff\u00e9rents outils, il est possible de crocheter la serrure de votre v\u00e9hicule et de l&rsquo;ouvrir sans d\u00e9g\u00e2ts.<\/p>\n\n\n\n<div class=\"wp-block-buttons is-content-justification-center is-layout-flex wp-container-core-buttons-is-layout-a89b3969 wp-block-buttons-is-layout-flex\">\n<div class=\"wp-block-button is-style-fill\"><a class=\"wp-block-button__link wp-element-button\" href=\"https:\/\/mps-serrurerie.be\/?page_id=2846#vehicule\" style=\"border-radius:30px\">Plus d&rsquo;infos<\/a><\/div>\n<\/div>\n<\/div>\n\n\n\n<div class=\"wp-block-column has-border-color has-palette-color-1-border-color has-background is-layout-constrained wp-container-core-column-is-layout-aa9bcaa3 wp-block-column-is-layout-constrained\" style=\"border-style:solid;border-width:2px;border-radius:20px;background-color:#efeeed;padding-top:18px;padding-right:30px;padding-bottom:18px;padding-left:30px\">\n<div class=\"wp-block-group is-content-justification-center is-nowrap is-layout-flex wp-container-core-group-is-layout-23441af8 wp-block-group-is-layout-flex\">\n<div class=\"wp-block-columns is-layout-flex wp-container-core-columns-is-layout-28f84493 wp-block-columns-is-layout-flex\">\n<div class=\"wp-block-column is-layout-flow wp-block-column-is-layout-flow\" style=\"flex-basis:100%\">\n<figure class=\"wp-block-image size-full is-resized has-custom-border\"><img loading=\"lazy\" decoding=\"async\" width=\"250\" height=\"292\" src=\"https:\/\/mps-serrurerie.be\/wp-content\/uploads\/2025\/10\/Securite_orange.webp\" alt=\"\" class=\"wp-image-2821\" style=\"border-radius:0%;width:50px\"\/><\/figure>\n<\/div>\n<\/div>\n<\/div>\n\n\n\n<h2 class=\"wp-block-heading has-text-align-center has-palette-color-1-color has-text-color has-link-color has-medium-font-size wp-elements-a28fc4f32d965ffb3b944b79e2487a15\" style=\"margin-top:25px\">Service de proximit\u00e9<\/h2>\n\n\n\n<p class=\"has-text-align-center has-palette-color-1-color has-text-color has-link-color wp-elements-e8e6676eff0c7b7c2414b31d41d24465\" style=\"margin-bottom:0px;font-size:clamp(14px, 0.875rem + ((1vw - 3.2px) * 0.078), 15px);\">Un serrurier doit avant tout \u00eatre un partenaire de confiance. C&rsquo;est pourquoi je privil\u00e9gie la proximit\u00e9 et la transparence.<\/p>\n\n\n\n<div class=\"wp-block-buttons is-content-justification-center is-layout-flex wp-container-core-buttons-is-layout-1399cabf wp-block-buttons-is-layout-flex\" style=\"padding-top:var(--wp--preset--spacing--20)\">\n<div class=\"wp-block-button\"><a class=\"wp-block-button__link wp-element-button\" href=\"https:\/\/mps-serrurerie.be\/?page_id=2864\" style=\"border-radius:30px\">Plus d&rsquo;infos<\/a><\/div>\n<\/div>\n<\/div>\n<\/div>\n<\/div>\n\n\n\n<div class=\"wp-block-group alignfull has-background is-layout-constrained wp-container-core-group-is-layout-69ad3eec wp-block-group-is-layout-constrained\" style=\"background-color:#efeeed;margin-top:0;margin-bottom:0;padding-top:7rem;padding-right:0;padding-bottom:7rem;padding-left:0\">\n<div class=\"wp-block-columns are-vertically-aligned-center is-layout-flex wp-container-core-columns-is-layout-94d34361 wp-block-columns-is-layout-flex\" style=\"border-bottom-color:#ffffff1a;border-bottom-style:solid;border-bottom-width:1px;margin-bottom:3.7rem;padding-bottom:4rem\">\n<div class=\"wp-block-column is-vertically-aligned-center is-layout-flow wp-block-column-is-layout-flow\" style=\"flex-basis:55%\">\n<p class=\"has-white-color has-text-color has-link-color wp-elements-cc0b9bddf89772eaf8ec95b25437570f\" style=\"margin-bottom:15px;font-style:normal;font-weight:500\"><\/p>\n\n\n\n<h1 class=\"wp-block-heading has-text-align-center has-palette-color-1-color has-text-color has-link-color has-large-font-size wp-elements-fe7b3d20029356187401f3d83ea25428\" id=\"the-perfect-theme-for-stunning-websites\" style=\"margin-top:0;margin-bottom:20px;font-style:normal;font-weight:800;line-height:1.2\">D\u00e9couvrez nos offres<\/h1>\n\n\n\n<p class=\"has-text-align-center has-palette-color-1-color has-text-color has-link-color wp-elements-7690663f7055cc0fc5b3408650ddf0a6\" style=\"margin-bottom:50px;font-size:clamp(14px, 0.875rem + ((1vw - 3.2px) * 0.313), 18px);\">Que vous soyez un particulier ou un professionnel, je vous propose des <mark style=\"background-color:rgba(0, 0, 0, 0);color:#ed7a2d\" class=\"has-inline-color\">interventions rapides<\/mark> et efficaces pour l&rsquo;ouverture de vos portes sans causer de dommages. Que ce soit pour le remplacement d&rsquo;une serrure d\u00e9faillante, le renforcement de votre s\u00e9curit\u00e9 ou un simple r\u00e9glage de votre porte, n&rsquo;h\u00e9sitez pas \u00e0 me contacter ! Mon objectif est de vous fournir une solution rapide et durable, que ce soit en cas d&rsquo;<mark style=\"background-color:rgba(0, 0, 0, 0);color:#ed7a2d\" class=\"has-inline-color\">urgence<\/mark> ou pour des interventions <mark style=\"background-color:rgba(0, 0, 0, 0);color:#ed7a2d\" class=\"has-inline-color\">pr\u00e9ventives<\/mark>.<\/p>\n\n\n\n<p class=\"has-text-align-center has-palette-color-1-color has-text-color has-link-color wp-elements-70ca81180b556d09fb94c784b3539e89\" style=\"margin-bottom:50px;font-size:clamp(14px, 0.875rem + ((1vw - 3.2px) * 0.313), 18px);\">Vous avez des questions ? Rendez-vous sur notre <a href=\"https:\/\/mps-serrurerie.be\/?page_id=2869#FAQ\">FAQ<\/a>.<\/p>\n\n\n\n<p><\/p>\n\n\n\n<p><\/p>\n<\/div>\n\n\n\n<div class=\"wp-block-column is-vertically-aligned-center is-layout-flow wp-block-column-is-layout-flow\">\n<figure class=\"wp-block-image size-full has-custom-border\"><img decoding=\"async\" src=\"https:\/\/mps-serrurerie.be\/wp-content\/uploads\/2025\/10\/iStock-499518472-scaled.jpg\" alt=\"\" class=\"wp-image-3100\" style=\"border-radius:25px;aspect-ratio:1;object-fit:cover\"\/><\/figure>\n<\/div>\n<\/div>\n<\/div>\n\n\n\n<p><\/p>\n","protected":false},"excerpt":{"rendered":"<p>D\u00e9pannage 24\/7 Porte claqu\u00e9e, perte de cl\u00e9s ou cl\u00e9 cass\u00e9e? Vous n&rsquo;arrivez pas \u00e0 d\u00e9verrouiller votre porte? S\u00e9curisation Besoin de s\u00e9curiser votre porte ? Il existe plusieurs solutions en fonction de la configuration de votre porte. Ouverture de v\u00e9hicule Grace \u00e0 diff\u00e9rents outils, il est possible de crocheter la serrure de votre v\u00e9hicule et de [&hellip;]<\/p>\n","protected":false},"author":1,"featured_media":0,"parent":0,"menu_order":0,"comment_status":"closed","ping_status":"closed","template":"","meta":{"footnotes":""},"class_list":["post-2984","page","type-page","status-publish","hentry"],"blocksy_meta":{"content_style_source":"custom","disable_featured_image":"no","background":{"background_type":"color","background_pattern":"type-1","background_image":{"attachment_id":null,"x":0,"y":0},"gradient":"linear-gradient(135deg,rgba(6,147,227,1) 0%,rgb(155,81,224) 100%)","background_repeat":"repeat","background_size":"auto","background_attachment":"scroll","patternColor":{"default":{"color":"#e5e7ea"}},"overlayColor":{"default":{"color":"CT_CSS_SKIP_RULE"}},"backgroundColor":{"default":{"color":"#ffffff"}}},"vertical_spacing_source":"custom","content_area_spacing":"none","styles_descriptor":{"styles":{"desktop":"[data-prefix=\"single_page\"] {background-color:#ffffff;background-image:none;} [data-prefix=\"single_page\"] [class*=\"ct-container\"] > article[class*=\"post\"] {--has-boxed:var(--false);--has-wide:var(--true);}","tablet":"","mobile":""},"google_fonts":[],"version":6},"content_style":"wide","page_structure_type":"default"},"_links":{"self":[{"href":"https:\/\/mps-serrurerie.be\/index.php?rest_route=\/wp\/v2\/pages\/2984","targetHints":{"allow":["GET"]}}],"collection":[{"href":"https:\/\/mps-serrurerie.be\/index.php?rest_route=\/wp\/v2\/pages"}],"about":[{"href":"https:\/\/mps-serrurerie.be\/index.php?rest_route=\/wp\/v2\/types\/page"}],"author":[{"embeddable":true,"href":"https:\/\/mps-serrurerie.be\/index.php?rest_route=\/wp\/v2\/users\/1"}],"replies":[{"embeddable":true,"href":"https:\/\/mps-serrurerie.be\/index.php?rest_route=%2Fwp%2Fv2%2Fcomments&post=2984"}],"version-history":[{"count":238,"href":"https:\/\/mps-serrurerie.be\/index.php?rest_route=\/wp\/v2\/pages\/2984\/revisions"}],"predecessor-version":[{"id":3677,"href":"https:\/\/mps-serrurerie.be\/index.php?rest_route=\/wp\/v2\/pages\/2984\/revisions\/3677"}],"wp:attachment":[{"href":"https:\/\/mps-serrurerie.be\/index.php?rest_route=%2Fwp%2Fv2%2Fmedia&parent=2984"}],"curies":[{"name":"wp","href":"https:\/\/api.w.org\/{rel}","templated":true}]}}