{"id":2869,"date":"2025-10-09T12:05:24","date_gmt":"2025-10-09T10:05:24","guid":{"rendered":"https:\/\/mps-serrurerie.be\/?page_id=2869"},"modified":"2026-01-04T00:11:45","modified_gmt":"2026-01-03T22:11:45","slug":"contact","status":"publish","type":"page","link":"https:\/\/mps-serrurerie.be\/?page_id=2869","title":{"rendered":"Contact"},"content":{"rendered":"\n<div class=\"wp-block-columns is-layout-flex wp-container-core-columns-is-layout-28f84493 wp-block-columns-is-layout-flex\">\n<div class=\"wp-block-column is-layout-flow wp-block-column-is-layout-flow\"><\/div>\n\n\n\n<div class=\"wp-block-column is-vertically-aligned-center is-layout-flow wp-block-column-is-layout-flow\">\n<h2 class=\"wp-block-heading has-text-align-center\">Informations de contact <\/h2>\n<\/div>\n\n\n\n<div class=\"wp-block-column is-layout-flow wp-block-column-is-layout-flow\"><\/div>\n<\/div>\n\n\n\n<div class=\"wp-block-columns are-vertically-aligned-center is-layout-flex wp-container-core-columns-is-layout-e93f1ee5 wp-block-columns-is-layout-flex\" style=\"padding-top:var(--wp--preset--spacing--70)\">\n<div class=\"wp-block-column is-vertically-aligned-center is-layout-flow wp-block-column-is-layout-flow\"><div class=\"ct-block-wrapper\" style=\"margin-right:var(--wp--preset--spacing--80);margin-left:var(--wp--preset--spacing--80);\">\n\n<h3 class=\"wp-block-heading has-medium-font-size\"><\/h3>\n\n\n<div class=\"ct-contact-info-block \" style=\"--theme-icon-size:20px;--items-direction:column;--theme-block-text-color:var(--wp--preset--color--palette-color-1);--theme-link-hover-color:#ed7a2d;--theme-icon-color:var(--wp--preset--color--palette-color-1);--theme-icon-hover-color:#ed7a2d;--background-color:var(--wp--preset--color--palette-color-1);--background-hover-color:#ed7a2d;\">\n\t\t<ul data-icons-type=\"rounded:outline\">\n\t\t\t\t\t\t\t\t\t\t\t<li class=\"\">\n\t\t\t\t\t<span class=\"ct-icon-container\"><svg width=\"18\" height=\"18\" viewBox=\"0 0 20 20\" aria-hidden=\"true\"><path d=\"M4.4,0C4,0,3.6,0.2,3.2,0.4l0,0l0,0L0.8,2.9l0,0C0,3.6-0.2,4.7,0.1,5.6c0,0,0,0,0,0c0.7,1.9,2.3,5.5,5.6,8.7c3.3,3.3,6.9,4.9,8.7,5.6h0c0.9,0.3,1.9,0.1,2.7-0.5l2.4-2.4c0.6-0.6,0.6-1.7,0-2.4l-3.1-3.1l0,0c-0.6-0.6-1.8-0.6-2.4,0l-1.5,1.5c-0.6-0.3-1.9-1-3.1-2.2C8,9.5,7.4,8.2,7.2,7.6l1.5-1.5c0.6-0.6,0.7-1.7,0-2.4l0,0L8.6,3.6L5.6,0.5l0,0l0,0C5.2,0.2,4.8,0,4.4,0zM4.4,1.5c0.1,0,0.1,0,0.2,0.1l3.1,3.1l0.1,0.1c0,0,0,0.1,0,0.2L5.7,6.9L5.3,7.3l0.2,0.5c0,0,0.9,2.4,2.7,4.1L8.4,12c1.8,1.6,3.9,2.5,3.9,2.5l0.5,0.2l2.3-2.3c0.1-0.1,0.1-0.1,0.2,0l3.1,3.1c0.1,0.1,0.1,0.1,0,0.2l-2.4,2.4c-0.4,0.3-0.7,0.4-1.2,0.2c-1.7-0.7-5.1-2.2-8.1-5.2c-3-3-4.6-6.5-5.2-8.2c-0.1-0.3,0-0.8,0.2-1l0,0l2.3-2.4C4.2,1.6,4.3,1.5,4.4,1.5z\"\/><\/svg><\/span>\n\t\t\t\t\t\t\t\t\t\t\t<div class=\"contact-info\">\n\t\t\t\t\t\t\t\t\t\t\t\t\t\t\t<span class=\"contact-title\">\n\t\t\t\t\t\t\t\t\tT\u00e9l\u00e9phone\u00a0:\t\t\t\t\t\t\t\t<\/span>\n\t\t\t\t\t\t\t\n\t\t\t\t\t\t\t\t\t\t\t\t\t\t\t<span class=\"contact-text\">\n\t\t\t\t\t\t\t\t\t\n\t\t\t\t\t\t\t\t\t+32 470 31 27 68\n\t\t\t\t\t\t\t\t\t\t\t\t\t\t\t\t\t<\/span>\n\t\t\t\t\t\t\t\t\t\t\t\t\t<\/div>\n\t\t\t\t\t\t\t\t\t<\/li>\n\t\t\t\t\t<\/ul>\n\n\t\t<\/div>\n<\/div><\/div>\n\n\n\n<div class=\"wp-block-column is-vertically-aligned-center is-layout-flow wp-block-column-is-layout-flow\"><div class=\"ct-block-wrapper\" style=\"margin-right:var(--wp--preset--spacing--80);margin-left:var(--wp--preset--spacing--80);\">\n\n<h3 class=\"wp-block-heading has-medium-font-size\"><\/h3>\n\n\n<div class=\"ct-contact-info-block \" style=\"--theme-icon-size:20px;--items-direction:column;--theme-block-text-color:var(--wp--preset--color--palette-color-1);--theme-link-hover-color:#ed7a2d;--theme-icon-color:var(--wp--preset--color--palette-color-1);--theme-icon-hover-color:#ed7a2d;--background-color:var(--wp--preset--color--palette-color-1);--background-hover-color:#ed7a2d;\">\n\t\t<ul data-icons-type=\"rounded:outline\">\n\t\t\t\t\t\t\t\t\t\t\t<li class=\"\">\n\t\t\t\t\t<span class=\"ct-icon-container\"><svg width=\"18\" height=\"18\" viewBox=\"0 0 20 20\" aria-hidden=\"true\"><path d=\"M10,0C4.5,0,0,4.5,0,10s4.5,10,10,10h5v-2h-5c-4.4,0-8-3.6-8-8s3.6-8,8-8s8,3.6,8,8v1.5c0,0.8-0.7,1.5-1.5,1.5S15,12.3,15,11.5V10c0-2.7-2.3-5-5-5s-5,2.3-5,5s2.3,5,5,5c1.4,0,2.7-0.6,3.6-1.6c0.6,0.9,1.7,1.6,2.9,1.6c1.9,0,3.5-1.6,3.5-3.5V10C20,4.5,15.5,0,10,0zM10,7c1.7,0,3,1.3,3,3s-1.3,3-3,3s-3-1.3-3-3S8.3,7,10,7z\"\/><\/svg><\/span>\n\t\t\t\t\t\t\t\t\t\t\t<div class=\"contact-info\">\n\t\t\t\t\t\t\t\t\t\t\t\t\t\t\t<span class=\"contact-title\">\n\t\t\t\t\t\t\t\t\tE-mail\u00a0:\t\t\t\t\t\t\t\t<\/span>\n\t\t\t\t\t\t\t\n\t\t\t\t\t\t\t\t\t\t\t\t\t\t\t<span class=\"contact-text\">\n\t\t\t\t\t\t\t\t\t\n\t\t\t\t\t\t\t\t\tcontact@mps-serrurerie.be\n\t\t\t\t\t\t\t\t\t\t\t\t\t\t\t\t\t<\/span>\n\t\t\t\t\t\t\t\t\t\t\t\t\t<\/div>\n\t\t\t\t\t\t\t\t\t<\/li>\n\t\t\t\t\t<\/ul>\n\n\t\t<\/div>\n<\/div><\/div>\n\n\n\n<div class=\"wp-block-column is-vertically-aligned-center is-layout-flow wp-block-column-is-layout-flow\"><div class=\"ct-block-wrapper\" style=\"margin-right:var(--wp--preset--spacing--80);margin-left:var(--wp--preset--spacing--80);\">\n\n<h3 class=\"wp-block-heading has-medium-font-size\"><\/h3>\n\n\n<div class=\"ct-contact-info-block \" style=\"--theme-icon-size:20px;--items-direction:column;--theme-block-text-color:var(--wp--preset--color--palette-color-1);--theme-link-hover-color:#ed7a2d;--theme-icon-color:var(--wp--preset--color--palette-color-1);--theme-icon-hover-color:#ed7a2d;--background-color:var(--wp--preset--color--palette-color-1);--background-hover-color:#ed7a2d;\">\n\t\t<ul data-icons-type=\"rounded:outline\">\n\t\t\t\t\t\t\t\t\t\t\t<li class=\"\">\n\t\t\t\t\t<span class=\"ct-icon-container\"><svg width=\"18\" height=\"18\" viewBox=\"0 0 20 20\" aria-hidden=\"true\"><path d=\"M9.3,0C4.4,0,0.4,4,0.4,8.9s4,8.9,8.9,8.9c0.8,0,1.5-0.1,2.2-0.3v-3.9c-0.6,1.7-1.4,2.7-2.2,2.7c-0.9,0-2-1.5-2.5-3.7h4.8v-1.5h-5c-0.1-0.7-0.1-1.4-0.1-2.2c0-0.8,0.1-1.5,0.2-2.2h5.6c0.1,0.7,0.2,1.4,0.2,2.2c0,0.2,0,0.4,0,0.6c0.4-0.4,0.9-0.6,1.5-0.6c0-0.8,0-1.5-0.1-2.2h2.8c0.2,0.7,0.3,1.4,0.3,2.2c0,0.5-0.1,1-0.2,1.5l1.3,0.9c0.2-0.8,0.3-1.6,0.3-2.4C18.1,4,14.2,0,9.3,0zM9.3,1.5c0.9,0,2,1.5,2.5,3.7h-5C7.3,2.9,8.3,1.5,9.3,1.5zM6.3,2.1C5.9,2.9,5.5,4,5.2,5.2H2.8C3.6,3.8,4.9,2.7,6.3,2.1zM12.2,2.1c1.5,0.6,2.7,1.7,3.5,3.1h-2.3C13.1,4,12.7,2.9,12.2,2.1zM2.2,6.7h2.8C4.9,7.4,4.8,8.1,4.8,8.9c0,0.8,0.1,1.5,0.1,2.2H2.2C2,10.4,1.9,9.7,1.9,8.9C1.9,8.1,2,7.4,2.2,6.7z M13.7,10.4c-0.4,0-0.7,0.3-0.8,0.7c0,0,0,0.1,0,0.1v6.6c0,0.4,0.3,0.7,0.7,0.7c0.2,0,0.4-0.1,0.5-0.2l0,0l1.4-1.6l1.5,3c0.2,0.4,0.6,0.5,1,0.3c0.4-0.2,0.5-0.6,0.3-1l-1.5-3l2.2-0.4l0,0c0.3-0.1,0.5-0.4,0.5-0.7c0-0.3-0.1-0.5-0.3-0.6l0,0l-5.1-3.6C14.1,10.4,13.9,10.4,13.7,10.4zM2.9,12.6h2.3c0.3,1.2,0.7,2.3,1.1,3.1C4.9,15.1,3.7,14,2.9,12.6z\"\/><\/svg><\/span>\n\t\t\t\t\t\t\t\t\t\t\t<div class=\"contact-info\">\n\t\t\t\t\t\t\t\t\t\t\t\t\t\t\t<span class=\"contact-title\">\n\t\t\t\t\t\t\t\t\tTVA :\t\t\t\t\t\t\t\t<\/span>\n\t\t\t\t\t\t\t\n\t\t\t\t\t\t\t\t\t\t\t\t\t\t\t<span class=\"contact-text\">\n\t\t\t\t\t\t\t\t\t\n\t\t\t\t\t\t\t\t\tBE1022421372\n\t\t\t\t\t\t\t\t\t\t\t\t\t\t\t\t\t<\/span>\n\t\t\t\t\t\t\t\t\t\t\t\t\t<\/div>\n\t\t\t\t\t\t\t\t\t<\/li>\n\t\t\t\t\t<\/ul>\n\n\t\t<\/div>\n<\/div><\/div>\n<\/div>\n\n\n\n<div class=\"wp-block-group alignfull has-background is-layout-constrained wp-block-group-is-layout-constrained\" style=\"background-color:#efeeed;padding-top:7rem;padding-bottom:7rem\">\n<div class=\"wp-block-columns are-vertically-aligned-top is-layout-flex wp-container-core-columns-is-layout-057bf1b1 wp-block-columns-is-layout-flex\">\n<div class=\"wp-block-column is-vertically-aligned-top is-layout-flow wp-block-column-is-layout-flow\" style=\"flex-basis:30%\">\n<h1 class=\"wp-block-heading has-palette-color-1-color has-text-color has-link-color wp-elements-3319277db18fe0202ac2926ee75b1d6c\" style=\"margin-bottom:20px;font-size:clamp(18.959px, 1.185rem + ((1vw - 3.2px) * 0.863), 30px);font-style:normal;font-weight:800;line-height:1.2\">Vous souhaitez connaitre le prix? <\/h1>\n\n\n\n<p class=\"has-palette-color-1-color has-text-color has-link-color wp-elements-60ca9f55ba30adc1fe8675f90029817b\" style=\"margin-bottom:30px;font-size:clamp(14px, 0.875rem + ((1vw - 3.2px) * 0.156), 16px);\">Il est important que la <mark style=\"background-color:rgba(0, 0, 0, 0);color:#ed7a2d\" class=\"has-inline-color\">tarification<\/mark> soit <mark style=\"background-color:rgba(0, 0, 0, 0);color:#ed7a2d\" class=\"has-inline-color\">transparente<\/mark>, c&rsquo;est pourquoi en fonction de votre situation je vous donne le prix avant toute intervention.<\/p>\n\n\n\n<p><\/p>\n\n\n\n<div class=\"wp-block-buttons is-layout-flex wp-container-core-buttons-is-layout-e40b0234 wp-block-buttons-is-layout-flex\"><\/div>\n<\/div>\n\n\n\n<div class=\"wp-block-column is-vertically-aligned-top is-layout-flow wp-block-column-is-layout-flow\">\n<div class=\"wp-block-columns has-palette-color-1-background-color has-background is-layout-flex wp-container-core-columns-is-layout-a816d1b2 wp-block-columns-is-layout-flex\" style=\"border-radius:20px;margin-bottom:30px;padding-top:30px;padding-right:30px;padding-bottom:30px;padding-left:30px\">\n<div class=\"wp-block-column is-vertically-aligned-center is-layout-flow wp-block-column-is-layout-flow\" style=\"flex-basis:25%\">\n<h2 class=\"wp-block-heading has-text-align-center has-white-color has-text-color has-link-color wp-elements-9f11689e8e62ab86d9f0c02161b2e33f\" style=\"margin-bottom:10px;font-size:clamp(14px, 0.875rem + ((1vw - 3.2px) * 0.313), 18px);\"><mark style=\"background-color:rgba(0, 0, 0, 0);color:#efeeed\" class=\"has-inline-color\">Ouverture de porte \u00e0 partir de<\/mark><\/h2>\n\n\n\n<p class=\"has-text-align-center has-white-color has-text-color has-link-color wp-elements-c4a99cec689132f0514348d103ed96c1\" style=\"color:#ed7a2d;margin-top:0px;margin-bottom:0px;font-size:clamp(21.536px, 1.346rem + ((1vw - 3.2px) * 1.052), 35px);font-style:normal;font-weight:900;line-height:1\"><mark style=\"background-color:rgba(0, 0, 0, 0);color:#ed7a2d\" class=\"has-inline-color\">115\u20ac HTVA<\/mark><\/p>\n<\/div>\n\n\n\n<div class=\"wp-block-column is-layout-flow wp-block-column-is-layout-flow\">\n<div class=\"wp-block-group is-nowrap is-layout-flex wp-container-core-group-is-layout-ca52a2b2 wp-block-group-is-layout-flex\" style=\"margin-bottom:10px\">\n<figure class=\"wp-block-image size-full is-resized wp-duotone-ffffff-ffffff-1\"><img decoding=\"async\" src=\"https:\/\/mps-serrurerie.be\/wp-content\/themes\/blocksy\/inc\/components\/patterns\/assets\/pattern-check-mark.svg\" alt=\"\" class=\"wp-image-7800\" style=\"object-fit:contain;width:22px;height:22px\"\/><\/figure>\n\n\n\n<p class=\"has-white-color has-text-color has-link-color wp-elements-0927852cf58f3bd0d84448270948bcbf\" style=\"font-size:clamp(14px, 0.875rem + ((1vw - 3.2px) * 0.156), 16px);font-style:normal;font-weight:500\"><mark style=\"background-color:rgba(0, 0, 0, 0);color:#ed7a2d\" class=\"has-inline-color\">Porte claqu\u00e9e<\/mark><\/p>\n<\/div>\n\n\n\n<div class=\"wp-block-group is-nowrap is-layout-flex wp-container-core-group-is-layout-ca52a2b2 wp-block-group-is-layout-flex\" style=\"margin-bottom:10px\">\n<figure class=\"wp-block-image size-full is-resized wp-duotone-ffffff-ffffff-2\"><img decoding=\"async\" src=\"https:\/\/mps-serrurerie.be\/wp-content\/themes\/blocksy\/inc\/components\/patterns\/assets\/pattern-check-mark.svg\" alt=\"\" class=\"wp-image-7800\" style=\"object-fit:contain;width:22px;height:22px\"\/><\/figure>\n\n\n\n<p class=\"has-white-color has-text-color has-link-color wp-elements-e25f81b347b7fc49ff7a9d20e7e0eeed\" style=\"font-size:clamp(14px, 0.875rem + ((1vw - 3.2px) * 0.156), 16px);font-style:normal;font-weight:500\"><mark style=\"background-color:rgba(0, 0, 0, 0);color:#ed7a2d\" class=\"has-inline-color\">Dans un rayon de 15km<\/mark><\/p>\n<\/div>\n\n\n\n<div class=\"wp-block-group is-nowrap is-layout-flex wp-container-core-group-is-layout-baabe226 wp-block-group-is-layout-flex\">\n<figure class=\"wp-block-image size-full is-resized wp-duotone-ffffff-ffffff-3\"><img decoding=\"async\" src=\"https:\/\/mps-serrurerie.be\/wp-content\/themes\/blocksy\/inc\/components\/patterns\/assets\/pattern-check-mark.svg\" alt=\"\" class=\"wp-image-7800\" style=\"object-fit:contain;width:22px;height:22px\"\/><\/figure>\n\n\n\n<p class=\"has-white-color has-text-color has-link-color wp-elements-1acf77ad1c730e90f34ee37145a6b85b\" style=\"font-size:clamp(14px, 0.875rem + ((1vw - 3.2px) * 0.156), 16px);font-style:normal;font-weight:500\"><mark style=\"background-color:rgba(0, 0, 0, 0);color:#ed7a2d\" class=\"has-inline-color\">En semaine, la journ\u00e9e<\/mark><\/p>\n<\/div>\n<\/div>\n<\/div>\n\n\n\n<div class=\"wp-block-columns has-palette-color-1-background-color has-background is-layout-flex wp-container-core-columns-is-layout-a816d1b2 wp-block-columns-is-layout-flex\" style=\"border-radius:20px;margin-bottom:30px;padding-top:30px;padding-right:30px;padding-bottom:30px;padding-left:30px\">\n<div class=\"wp-block-column is-vertically-aligned-center is-layout-flow wp-block-column-is-layout-flow\" style=\"flex-basis:25%\">\n<h2 class=\"wp-block-heading has-text-align-center has-white-color has-text-color has-link-color wp-elements-0b69b87d15d7dff5e2e5daf2415a0efb\" style=\"margin-bottom:10px;font-size:clamp(14px, 0.875rem + ((1vw - 3.2px) * 0.313), 18px);\"><mark style=\"background-color:rgba(0, 0, 0, 0);color:#efeeed\" class=\"has-inline-color\">Demandez une offre de prix<\/mark><\/h2>\n<\/div>\n\n\n\n<div class=\"wp-block-column is-layout-flow wp-block-column-is-layout-flow\">\n<div class=\"wp-block-group is-nowrap is-layout-flex wp-container-core-group-is-layout-ca52a2b2 wp-block-group-is-layout-flex\" style=\"margin-bottom:10px\">\n<figure class=\"wp-block-image size-full is-resized wp-duotone-ffffff-ffffff-4\"><img decoding=\"async\" src=\"https:\/\/mps-serrurerie.be\/wp-content\/themes\/blocksy\/inc\/components\/patterns\/assets\/pattern-check-mark.svg\" alt=\"\" class=\"wp-image-7800\" style=\"object-fit:contain;width:22px;height:22px\"\/><\/figure>\n\n\n\n<p class=\"has-white-color has-text-color has-link-color wp-elements-db33f63627ed5a8ad2ebf4f6fd423083\" style=\"font-size:clamp(14px, 0.875rem + ((1vw - 3.2px) * 0.156), 16px);font-style:normal;font-weight:500\"><mark style=\"background-color:rgba(0, 0, 0, 0);color:#ed7a2d\" class=\"has-inline-color\">Porte bloqu\u00e9e<\/mark><\/p>\n<\/div>\n\n\n\n<div class=\"wp-block-group is-nowrap is-layout-flex wp-container-core-group-is-layout-ca52a2b2 wp-block-group-is-layout-flex\" style=\"margin-bottom:10px\">\n<figure class=\"wp-block-image size-full is-resized wp-duotone-ffffff-ffffff-5\"><img decoding=\"async\" src=\"https:\/\/mps-serrurerie.be\/wp-content\/themes\/blocksy\/inc\/components\/patterns\/assets\/pattern-check-mark.svg\" alt=\"\" class=\"wp-image-7800\" style=\"object-fit:contain;width:22px;height:22px\"\/><\/figure>\n\n\n\n<p class=\"has-white-color has-text-color has-link-color wp-elements-9812932d317da955f096967ed0dae010\" style=\"font-size:clamp(14px, 0.875rem + ((1vw - 3.2px) * 0.156), 16px);font-style:normal;font-weight:500\"><mark style=\"background-color:rgba(0, 0, 0, 0);color:#ed7a2d\" class=\"has-inline-color\">Ouverture de coffre fort<\/mark><\/p>\n<\/div>\n\n\n\n<div class=\"wp-block-group is-nowrap is-layout-flex wp-container-core-group-is-layout-baabe226 wp-block-group-is-layout-flex\">\n<figure class=\"wp-block-image size-full is-resized wp-duotone-ffffff-ffffff-6\"><img decoding=\"async\" src=\"https:\/\/mps-serrurerie.be\/wp-content\/themes\/blocksy\/inc\/components\/patterns\/assets\/pattern-check-mark.svg\" alt=\"\" class=\"wp-image-7800\" style=\"object-fit:contain;width:22px;height:22px\"\/><\/figure>\n\n\n\n<p class=\"has-white-color has-text-color has-link-color wp-elements-32a6764fc87a385f113a7d79a035498c\" style=\"font-size:clamp(14px, 0.875rem + ((1vw - 3.2px) * 0.156), 16px);font-style:normal;font-weight:500\"><mark style=\"background-color:rgba(0, 0, 0, 0);color:#ed7a2d\" class=\"has-inline-color\">Ouverture de v\u00e9hicule<\/mark><\/p>\n<\/div>\n<\/div>\n<\/div>\n<\/div>\n<\/div>\n\n\n\n<h2 class=\"wp-block-heading has-text-align-center has-palette-color-1-color has-text-color has-link-color wp-elements-a0585f34a158f26203d2a12256e516c8\" id=\"FAQ\">FAQ<\/h2>\n\n\n\n<details class=\"wp-block-details has-black-color has-text-color has-link-color wp-elements-154defb85af55893c0051e57a099b968 is-layout-flow wp-block-details-is-layout-flow\"><summary><strong>Que faire en cas de porte claqu\u00e9e ou cl\u00e9s perdues ?<\/strong><\/summary>\n<p>En cas de porte claqu\u00e9e ou de cl\u00e9s perdues, restez calme et \u00e9vitez toute tentative d\u2019ouverture par vous-m\u00eame. Vous pourriez rendre l\u2019intervention plus complexe et plus co\u00fbteuse.<\/p>\n\n\n\n<p>Un serrurier qualifi\u00e9 pourra ouvrir votre porte sans d\u00e9g\u00e2ts, gr\u00e2ce \u00e0 des techniques adapt\u00e9es a la situation. En cas de cl\u00e9s perdues, il pourra \u00e9galement s\u00e9curiser votre logement en vous proposant le remplacement de votre cylindre.<\/p>\n<\/details>\n\n\n\n<details class=\"wp-block-details has-black-color has-text-color has-link-color wp-elements-51f972779b1c8c59193e92e5948c4b9f is-layout-flow wp-block-details-is-layout-flow\"><summary><strong>Acceptez-vous le paiement par carte bancaire ?<\/strong><\/summary>\n<p>Oui, bien sur ! Le paiement se fait directement apr\u00e8s l&rsquo;intervention.<\/p>\n<\/details>\n\n\n\n<details class=\"wp-block-details has-black-color has-text-color has-link-color wp-elements-fd39d7600420cde50133777f1da8f8ba is-layout-flow wp-block-details-is-layout-flow\"><summary><strong>Ma serrure est bloqu\u00e9e : pourrai-je refermer ma porte apr\u00e8s l\u2019intervention ?<\/strong><\/summary>\n<p>Oui, bien entendu. Une intervention de d\u00e9pannage ne se limite pas \u00e0 l\u2019ouverture de la porte : il est essentiel que votre logement puisse \u00eatre referm\u00e9 et s\u00e9curis\u00e9 apr\u00e8s mon passage.<\/p>\n\n\n\n<p>Si la serrure existante ne peut pas \u00eatre r\u00e9par\u00e9e imm\u00e9diatement, une solution provisoire peut \u00eatre mise en place, comme l\u2019installation d\u2019une serrure de d\u00e9pannage, en attendant la pose de la serrure d\u00e9finitive.<br>Dans tous les cas, votre porte sera fonctionnelle et pourra \u00eatre ferm\u00e9e en toute s\u00e9curit\u00e9 apr\u00e8s l\u2019intervention<strong>.<\/strong><\/p>\n<\/details>\n\n\n\n<details class=\"wp-block-details has-black-color has-text-color has-link-color wp-elements-5a296d309516f7beb5a2f2410a892189 is-layout-flow wp-block-details-is-layout-flow\"><summary><strong>Dois-je pr\u00e9senter un justificatif de domicile ?<\/strong><\/summary>\n<p>Oui, pour avoir acc\u00e8s au logement vous devez y \u00eatre domicili\u00e9.<\/p>\n<\/details>\n\n\n\n<details class=\"wp-block-details has-black-color has-text-color has-link-color wp-elements-df6fb4c100c5e12b78c97979848b7c97 is-layout-flow wp-block-details-is-layout-flow\"><summary><strong>J\u2019ai des difficult\u00e9s \u00e0 fermer ma porte, que dois-je faire ?<\/strong><\/summary>\n<p>Si vous constatez que la fermeture de votre porte devient difficile, il est fortement conseill\u00e9 d\u2019intervenir rapidement. Ce type de probl\u00e8me peut souvent \u00eatre r\u00e9solu par un simple r\u00e9glage de la porte, ce qui permet d\u2019\u00e9viter de forcer sur la serrure et de pr\u00e9venir une panne plus importante.<\/p>\n\n\n\n<p>Agir de mani\u00e8re pr\u00e9ventive permet non seulement de prolonger la dur\u00e9e de vie de votre serrure, mais aussi d\u2019\u00e9viter le risque de rester bloqu\u00e9 \u00e0 l\u2019ext\u00e9rieur de votre logement. N\u2019attendez pas que la situation s\u2019aggrave : une intervention rapide peut vous \u00e9viter un d\u00e9pannage en urgence.<\/p>\n<\/details>\n\n\n\n<details class=\"wp-block-details has-black-color has-text-color has-link-color wp-elements-37f0f113df77316cd85bdd51b4b1cce8 is-layout-flow wp-block-details-is-layout-flow\"><summary><strong>Quel est le prix d&rsquo;un cylindre ?<\/strong><\/summary>\n<p>Un d\u00e9pannage n\u2019est jamais une d\u00e9pense plaisir. C\u2019est pourquoi je m\u2019engage \u00e0 ne jamais vous imposer un cylindre \u00e0 un prix excessif.<br>Les cylindres standards sont disponibles \u00e0 partir de 33 \u20ac hors TVA.<\/p>\n\n\n\n<p>Si vous souhaitez opter pour un cylindre de s\u00e9curit\u00e9, cela est tout \u00e0 fait possible lors de l\u2019intervention. Ce choix reste enti\u00e8rement le v\u00f4tre et sera discut\u00e9 en toute transparence.<\/p>\n<\/details>\n<\/div>\n\n\n\n<p><\/p>\n","protected":false},"excerpt":{"rendered":"<p>Informations de contact<\/p>\n","protected":false},"author":1,"featured_media":0,"parent":0,"menu_order":0,"comment_status":"closed","ping_status":"closed","template":"","meta":{"footnotes":""},"class_list":["post-2869","page","type-page","status-publish","hentry"],"blocksy_meta":[],"_links":{"self":[{"href":"https:\/\/mps-serrurerie.be\/index.php?rest_route=\/wp\/v2\/pages\/2869","targetHints":{"allow":["GET"]}}],"collection":[{"href":"https:\/\/mps-serrurerie.be\/index.php?rest_route=\/wp\/v2\/pages"}],"about":[{"href":"https:\/\/mps-serrurerie.be\/index.php?rest_route=\/wp\/v2\/types\/page"}],"author":[{"embeddable":true,"href":"https:\/\/mps-serrurerie.be\/index.php?rest_route=\/wp\/v2\/users\/1"}],"replies":[{"embeddable":true,"href":"https:\/\/mps-serrurerie.be\/index.php?rest_route=%2Fwp%2Fv2%2Fcomments&post=2869"}],"version-history":[{"count":35,"href":"https:\/\/mps-serrurerie.be\/index.php?rest_route=\/wp\/v2\/pages\/2869\/revisions"}],"predecessor-version":[{"id":3633,"href":"https:\/\/mps-serrurerie.be\/index.php?rest_route=\/wp\/v2\/pages\/2869\/revisions\/3633"}],"wp:attachment":[{"href":"https:\/\/mps-serrurerie.be\/index.php?rest_route=%2Fwp%2Fv2%2Fmedia&parent=2869"}],"curies":[{"name":"wp","href":"https:\/\/api.w.org\/{rel}","templated":true}]}}