{"id":2864,"date":"2025-10-09T12:02:18","date_gmt":"2025-10-09T10:02:18","guid":{"rendered":"https:\/\/mps-serrurerie.be\/?page_id=2864"},"modified":"2026-01-04T10:41:52","modified_gmt":"2026-01-04T08:41:52","slug":"a-propos","status":"publish","type":"page","link":"https:\/\/mps-serrurerie.be\/?page_id=2864","title":{"rendered":"\u00c0 propos"},"content":{"rendered":"\n<div class=\"wp-block-group alignfull has-background is-layout-constrained wp-block-group-is-layout-constrained\" style=\"background-color:#efeeed;padding-top:3.1rem;padding-bottom:0rem\">\n<div class=\"wp-block-columns are-vertically-aligned-center is-layout-flex wp-container-core-columns-is-layout-94d34361 wp-block-columns-is-layout-flex\" style=\"border-bottom-color:#ffffff1a;border-bottom-style:solid;border-bottom-width:1px;margin-bottom:3.7rem;padding-bottom:4rem\">\n<div class=\"wp-block-column is-vertically-aligned-center is-layout-flow wp-block-column-is-layout-flow\" style=\"flex-basis:55%\">\n<figure class=\"wp-block-image aligncenter size-full is-resized\"><img loading=\"lazy\" decoding=\"async\" width=\"512\" height=\"497\" src=\"https:\/\/mps-serrurerie.be\/wp-content\/uploads\/2025\/10\/MPS-Serrurerie_icone_couleurs.png\" alt=\"\" class=\"wp-image-230\" style=\"width:150px\" srcset=\"https:\/\/mps-serrurerie.be\/wp-content\/uploads\/2025\/10\/MPS-Serrurerie_icone_couleurs.png 512w, https:\/\/mps-serrurerie.be\/wp-content\/uploads\/2025\/10\/MPS-Serrurerie_icone_couleurs-300x291.png 300w\" sizes=\"auto, (max-width: 512px) 100vw, 512px\" \/><\/figure>\n\n\n\n<h1 class=\"wp-block-heading has-text-align-center has-palette-color-1-color has-text-color has-link-color has-large-font-size wp-elements-a5bc6b4ac5b82d40d262d74090e1b705\" id=\"the-perfect-theme-for-stunning-websites\" style=\"margin-top:0;margin-bottom:20px;font-style:normal;font-weight:800;line-height:1.2\">Les zones desservies<\/h1>\n\n\n\n<p class=\"has-text-align-center has-palette-color-1-color has-text-color has-link-color wp-elements-b86f8ddb38fbdf30a2bb53c72f017ad9\" style=\"margin-bottom:50px;font-size:clamp(14px, 0.875rem + ((1vw - 3.2px) * 0.234), 17px);\">J\u2019interviens rapidement dans\u00a0un rayon de 30km\u00a0autour de Froidfontaine, notamment \u00e0 Wellin, Beauraing, Dinant, Houyet, Gedinne, Bi\u00e8vre, Paliseul, Vresse-Sur-Semois, Rochefort et dans de\u00a0<mark style=\"background-color:rgba(0, 0, 0, 0);color:#ed7a2d\" class=\"has-inline-color\">nombreux villages voisins<\/mark>. Vous \u00eates en dehors de cette zone ? N\u2019h\u00e9sitez surtout pas \u00e0 m\u2019appeler !<\/p>\n<\/div>\n\n\n\n<div class=\"wp-block-column is-vertically-aligned-center is-layout-flow wp-block-column-is-layout-flow\">\n<figure class=\"wp-block-image size-full has-custom-border\"><img decoding=\"async\" src=\"https:\/\/mps-serrurerie.be\/wp-content\/uploads\/2026\/01\/Capture-decran-2026-01-04-082557.png\" alt=\"\" class=\"has-border-color has-palette-color-1-border-color wp-image-3648\" style=\"border-width:2px;border-radius:25px;aspect-ratio:1;object-fit:cover\"\/><\/figure>\n<\/div>\n<\/div>\n<\/div>\n\n\n\n<div class=\"wp-block-group is-nowrap is-layout-flex wp-container-core-group-is-layout-6c531013 wp-block-group-is-layout-flex\">\n<figure class=\"wp-block-image size-large has-custom-border\"><img loading=\"lazy\" decoding=\"async\" width=\"1024\" height=\"1024\" src=\"https:\/\/mps-serrurerie.be\/wp-content\/uploads\/2025\/10\/499714148_122103741320878626_3725667127944874860_n-1024x1024.webp\" alt=\"\" class=\"has-border-color has-palette-color-1-border-color wp-image-3292\" style=\"border-width:2px;border-radius:20px;aspect-ratio:1;object-fit:cover\" srcset=\"https:\/\/mps-serrurerie.be\/wp-content\/uploads\/2025\/10\/499714148_122103741320878626_3725667127944874860_n-1024x1024.webp 1024w, https:\/\/mps-serrurerie.be\/wp-content\/uploads\/2025\/10\/499714148_122103741320878626_3725667127944874860_n-300x300.webp 300w, https:\/\/mps-serrurerie.be\/wp-content\/uploads\/2025\/10\/499714148_122103741320878626_3725667127944874860_n-150x150.webp 150w, https:\/\/mps-serrurerie.be\/wp-content\/uploads\/2025\/10\/499714148_122103741320878626_3725667127944874860_n-768x768.webp 768w, https:\/\/mps-serrurerie.be\/wp-content\/uploads\/2025\/10\/499714148_122103741320878626_3725667127944874860_n.webp 1080w\" sizes=\"auto, (max-width: 1024px) 100vw, 1024px\" \/><\/figure>\n\n\n\n<div class=\"wp-block-group is-layout-constrained wp-block-group-is-layout-constrained\">\n<div class=\"wp-block-group alignfull has-palette-color-1-color has-text-color has-background has-link-color wp-elements-1b7ddfa6caf89075552898718d09780b is-vertical is-layout-flex wp-container-core-group-is-layout-10fae0ad wp-block-group-is-layout-flex\" style=\"background-color:#efeeed;padding-top:7rem;padding-bottom:7rem\"><div class=\"aligncenter wp-block-site-logo\"><img loading=\"lazy\" decoding=\"async\" width=\"250\" height=\"71\" src=\"https:\/\/mps-serrurerie.be\/wp-content\/uploads\/2025\/10\/cropped-350x100-1.png\" class=\"custom-logo\" alt=\"MPS Serrurerie\" \/><\/div>\n\n\n<p class=\"has-text-align-center\">\u00ab&nbsp;<em>Dans mon activit\u00e9 de serrurier,&nbsp;<mark style=\"background-color:rgba(0, 0, 0, 0);color:#ed7a2d\" class=\"has-inline-color\">chaque intervention<\/mark>&nbsp;est r\u00e9alis\u00e9e&nbsp;<mark style=\"background-color:rgba(0, 0, 0, 0);color:#ed7a2d\" class=\"has-inline-color\">uniquement par mes soins.<\/mark>&nbsp;Je ne d\u00e9l\u00e8gue pas et ne fais pas appel \u00e0 des interm\u00e9diaires<\/em>. Cela vous garantit un suivi personnalis\u00e9, une qualit\u00e9 de travail constante et un interlocuteur unique du premier contact jusqu\u2019\u00e0 la fin de l\u2019intervention.&nbsp;\u00bb<\/p>\n\n\n\n<h5 class=\"wp-block-heading has-text-align-center\">Manu Platteuw<\/h5>\n\n\n\n<p class=\"has-text-align-center\"><em>Serrurier ind\u00e9pendant<\/em><\/p>\n\n\n\n<blockquote class=\"wp-block-quote is-layout-flow wp-block-quote-is-layout-flow\" style=\"padding-right:0;padding-left:0\">\n<p><\/p>\n<\/blockquote>\n<\/div>\n<\/div>\n<\/div>\n","protected":false},"excerpt":{"rendered":"","protected":false},"author":1,"featured_media":0,"parent":0,"menu_order":0,"comment_status":"closed","ping_status":"closed","template":"","meta":{"footnotes":""},"class_list":["post-2864","page","type-page","status-publish","hentry"],"blocksy_meta":[],"_links":{"self":[{"href":"https:\/\/mps-serrurerie.be\/index.php?rest_route=\/wp\/v2\/pages\/2864","targetHints":{"allow":["GET"]}}],"collection":[{"href":"https:\/\/mps-serrurerie.be\/index.php?rest_route=\/wp\/v2\/pages"}],"about":[{"href":"https:\/\/mps-serrurerie.be\/index.php?rest_route=\/wp\/v2\/types\/page"}],"author":[{"embeddable":true,"href":"https:\/\/mps-serrurerie.be\/index.php?rest_route=\/wp\/v2\/users\/1"}],"replies":[{"embeddable":true,"href":"https:\/\/mps-serrurerie.be\/index.php?rest_route=%2Fwp%2Fv2%2Fcomments&post=2864"}],"version-history":[{"count":50,"href":"https:\/\/mps-serrurerie.be\/index.php?rest_route=\/wp\/v2\/pages\/2864\/revisions"}],"predecessor-version":[{"id":3654,"href":"https:\/\/mps-serrurerie.be\/index.php?rest_route=\/wp\/v2\/pages\/2864\/revisions\/3654"}],"wp:attachment":[{"href":"https:\/\/mps-serrurerie.be\/index.php?rest_route=%2Fwp%2Fv2%2Fmedia&parent=2864"}],"curies":[{"name":"wp","href":"https:\/\/api.w.org\/{rel}","templated":true}]}}