{"id":2846,"date":"2025-10-09T09:08:35","date_gmt":"2025-10-09T07:08:35","guid":{"rendered":"https:\/\/mps-serrurerie.be\/?page_id=2846"},"modified":"2026-01-18T10:51:33","modified_gmt":"2026-01-18T08:51:33","slug":"service","status":"publish","type":"page","link":"https:\/\/mps-serrurerie.be\/?page_id=2846","title":{"rendered":"Service"},"content":{"rendered":"\n<div class=\"wp-block-columns is-layout-flex wp-container-core-columns-is-layout-28f84493 wp-block-columns-is-layout-flex\">\n<div class=\"wp-block-column is-layout-flow wp-block-column-is-layout-flow\" style=\"flex-basis:100%\">\n<div class=\"wp-block-columns has-border-color has-palette-color-1-border-color has-palette-color-1-background-color has-background is-layout-flex wp-container-core-columns-is-layout-1a0e43b0 wp-block-columns-is-layout-flex\" style=\"border-width:2px;border-top-left-radius:22px;border-top-right-radius:22px;border-bottom-left-radius:22px;border-bottom-right-radius:22px;margin-top:var(--wp--preset--spacing--70);margin-bottom:var(--wp--preset--spacing--70);padding-top:var(--wp--preset--spacing--60);padding-right:var(--wp--preset--spacing--60);padding-bottom:var(--wp--preset--spacing--60);padding-left:var(--wp--preset--spacing--60)\">\n<div class=\"wp-block-column is-vertically-aligned-center has-palette-color-1-color has-text-color has-link-color wp-elements-3ad15c3894dcf5e134e757c48cb5ab55 is-layout-flow wp-block-column-is-layout-flow\" style=\"padding-right:var(--wp--preset--spacing--60)\">\n<p class=\"has-text-align-center has-palette-color-1-color has-text-color has-link-color wp-elements-a8e36cf227f1b51eb233e829efe7bc40\" style=\"font-size:clamp(18.959px, 1.185rem + ((1vw - 3.2px) * 0.863), 30px);\"><strong><strong><mark style=\"background-color:rgba(0, 0, 0, 0);color:#ed7a2d\" class=\"has-inline-color\">D\u00e9pannage et ouverture<\/mark><\/strong><\/strong><\/p>\n\n\n\n<p class=\"has-text-align-center has-text-color has-link-color wp-elements-d25fefcf62325ccbcc5ff5fde23d57ee\" style=\"color:#efeeed;font-size:clamp(14px, 0.875rem + ((1vw - 3.2px) * 0.078), 15px);\">Une porte qui claque derri\u00e8re vous, des cl\u00e9s oubli\u00e9es ou \u00e9gar\u00e9es\u2026 ce sont des <mark style=\"background-color:rgba(0, 0, 0, 0);color:#ed7a2d\" class=\"has-inline-color\">situations stressantes<\/mark> qui arrivent souvent au mauvais moment. Pas d\u2019inqui\u00e9tude : <mark style=\"background-color:rgba(0, 0, 0, 0);color:#ed7a2d\" class=\"has-inline-color\">interventions rapid<\/mark><mark style=\"background-color:rgba(0, 0, 0, 0);color:#ff6900\" class=\"has-inline-color\">es<\/mark> 24h\/24 et 7j\/7 pour vous redonner acc\u00e8s \u00e0 votre domicile.<\/p>\n\n\n\n<p class=\"has-text-align-center has-text-color has-link-color wp-elements-d34bcbab547034844adb40a6eb1ad609\" style=\"color:#efeeed;font-size:clamp(14px, 0.875rem + ((1vw - 3.2px) * 0.078), 15px);\">En tant que serrurier, je privil\u00e9gie toujours les m\u00e9thodes d\u2019ouverture non destructives afin de <mark style=\"background-color:rgba(0, 0, 0, 0);color:#ed7a2d\" class=\"has-inline-color\">pr\u00e9server votre serrure.<\/mark> Si le remplacement du cylindre est n\u00e9cessaire, je vous propose imm\u00e9diatement deux options afin que vous puissiez choisir la solution la mieux adapt\u00e9e \u00e0 vos besoins, en alliant <mark style=\"background-color:rgba(0, 0, 0, 0);color:#ed7a2d\" class=\"has-inline-color\">s\u00e9curit\u00e9 et budget.<\/mark><\/p>\n<\/div>\n\n\n\n<div class=\"wp-block-column is-layout-flow wp-block-column-is-layout-flow\">\n<figure class=\"wp-block-image size-large has-custom-border\" style=\"margin-top:var(--wp--preset--spacing--30);margin-bottom:var(--wp--preset--spacing--30)\"><img loading=\"lazy\" decoding=\"async\" width=\"1024\" height=\"683\" src=\"https:\/\/mps-serrurerie.be\/wp-content\/uploads\/2025\/10\/iStock-813694826_MPSSerrurerie-5-1024x683.webp\" alt=\"\" class=\"wp-image-390\" style=\"border-top-left-radius:22px;border-top-right-radius:22px;border-bottom-left-radius:22px;border-bottom-right-radius:22px\" srcset=\"https:\/\/mps-serrurerie.be\/wp-content\/uploads\/2025\/10\/iStock-813694826_MPSSerrurerie-5-1024x683.webp 1024w, https:\/\/mps-serrurerie.be\/wp-content\/uploads\/2025\/10\/iStock-813694826_MPSSerrurerie-5-300x200.webp 300w, https:\/\/mps-serrurerie.be\/wp-content\/uploads\/2025\/10\/iStock-813694826_MPSSerrurerie-5-768x512.webp 768w, https:\/\/mps-serrurerie.be\/wp-content\/uploads\/2025\/10\/iStock-813694826_MPSSerrurerie-5-1536x1024.webp 1536w, https:\/\/mps-serrurerie.be\/wp-content\/uploads\/2025\/10\/iStock-813694826_MPSSerrurerie-5-scaled.webp 1920w\" sizes=\"auto, (max-width: 1024px) 100vw, 1024px\" \/><\/figure>\n<\/div>\n<\/div>\n\n\n\n<div class=\"wp-block-columns has-border-color has-palette-color-1-border-color has-palette-color-1-background-color has-background is-layout-flex wp-container-core-columns-is-layout-00b55c1a wp-block-columns-is-layout-flex\" style=\"border-width:2px;border-top-left-radius:22px;border-top-right-radius:22px;border-bottom-left-radius:22px;border-bottom-right-radius:22px;margin-top:var(--wp--preset--spacing--50);margin-bottom:var(--wp--preset--spacing--50);padding-top:var(--wp--preset--spacing--60);padding-right:var(--wp--preset--spacing--60);padding-bottom:var(--wp--preset--spacing--60);padding-left:var(--wp--preset--spacing--60)\">\n<div class=\"wp-block-column is-vertically-aligned-center has-palette-color-1-color has-text-color has-link-color wp-elements-131c384fd10807a6f1341257c9ffab0a is-layout-flow wp-block-column-is-layout-flow\">\n<figure class=\"wp-block-image size-large has-custom-border\" id=\"secu\" style=\"margin-top:var(--wp--preset--spacing--30);margin-bottom:var(--wp--preset--spacing--30)\"><img loading=\"lazy\" decoding=\"async\" width=\"1024\" height=\"683\" src=\"https:\/\/mps-serrurerie.be\/wp-content\/uploads\/2025\/10\/iStock-494831588_MPSSerrurerie-1024x683.jpg\" alt=\"\" class=\"wp-image-266\" style=\"border-top-left-radius:22px;border-top-right-radius:22px;border-bottom-left-radius:22px;border-bottom-right-radius:22px\" srcset=\"https:\/\/mps-serrurerie.be\/wp-content\/uploads\/2025\/10\/iStock-494831588_MPSSerrurerie-1024x683.jpg 1024w, https:\/\/mps-serrurerie.be\/wp-content\/uploads\/2025\/10\/iStock-494831588_MPSSerrurerie-300x200.jpg 300w, https:\/\/mps-serrurerie.be\/wp-content\/uploads\/2025\/10\/iStock-494831588_MPSSerrurerie-768x512.jpg 768w, https:\/\/mps-serrurerie.be\/wp-content\/uploads\/2025\/10\/iStock-494831588_MPSSerrurerie-1536x1024.jpg 1536w, https:\/\/mps-serrurerie.be\/wp-content\/uploads\/2025\/10\/iStock-494831588_MPSSerrurerie-2048x1365.jpg 2048w\" sizes=\"auto, (max-width: 1024px) 100vw, 1024px\" \/><\/figure>\n<\/div>\n\n\n\n<div class=\"wp-block-column is-vertically-aligned-center has-palette-color-1-color has-text-color has-link-color wp-elements-953c0cf7b800fb7cadee1e1c59ab2af5 is-layout-flow wp-block-column-is-layout-flow\">\n<p class=\"has-text-align-center\" style=\"font-size:clamp(18.959px, 1.185rem + ((1vw - 3.2px) * 0.863), 30px);\"><strong><strong><mark style=\"background-color:rgba(0, 0, 0, 0);color:#ed7a2d\" class=\"has-inline-color\">S\u00e9curisation<\/mark><\/strong><\/strong><\/p>\n\n\n\n<p class=\"has-text-align-center has-text-color has-link-color wp-elements-563f43f50970a3e35ec3f6cb31398323\" style=\"color:#efeeed;font-size:clamp(14px, 0.875rem + ((1vw - 3.2px) * 0.078), 15px);\">Vous souhaitez <mark style=\"background-color:rgba(0, 0, 0, 0);color:#ed7a2d\" class=\"has-inline-color\">s\u00e9curiser<\/mark> votre habitation? <\/p>\n\n\n\n<p class=\"has-text-align-center has-text-color has-link-color wp-elements-48174bfd19d91e4d79605c105e63c655\" style=\"color:#efeeed;font-size:clamp(14px, 0.875rem + ((1vw - 3.2px) * 0.078), 15px);\">En cas d\u2019effraction, j\u2019interviens rapidement pour r\u00e9parer ou remplacer votre serrure endommag\u00e9e, puis je vous conseille sur les meilleures options pour \u00e9viter qu\u2019une telle situation ne se reproduise. Mon objectif : vous redonner confiance et vous offrir une protection durable pour votre tranquillit\u00e9.<\/p>\n<\/div>\n<\/div>\n<\/div>\n<\/div>\n\n\n\n<div class=\"wp-block-columns has-border-color has-palette-color-1-border-color has-palette-color-1-background-color has-background is-layout-flex wp-container-core-columns-is-layout-f65187a8 wp-block-columns-is-layout-flex\" style=\"border-width:2px;border-top-left-radius:22px;border-top-right-radius:22px;border-bottom-left-radius:22px;border-bottom-right-radius:22px;padding-top:var(--wp--preset--spacing--60);padding-right:var(--wp--preset--spacing--60);padding-bottom:var(--wp--preset--spacing--60);padding-left:var(--wp--preset--spacing--60)\">\n<div class=\"wp-block-column is-vertically-aligned-center has-palette-color-1-color has-text-color has-link-color wp-elements-bc59aef70cbb62e993dbffd2620fbcd7 is-layout-flow wp-block-column-is-layout-flow\" style=\"padding-right:var(--wp--preset--spacing--20)\">\n<p class=\"has-text-align-center\" style=\"font-size:clamp(18.959px, 1.185rem + ((1vw - 3.2px) * 0.863), 30px);\"><strong><strong><strong><mark style=\"background-color:rgba(0, 0, 0, 0);color:#ed7a2d\" class=\"has-inline-color\">Les cl\u00e9s<\/mark><\/strong><\/strong><\/strong><\/p>\n\n\n\n<p class=\"has-text-align-center has-text-color has-link-color wp-elements-cd6daaf7d88e1296b65a582ae5020cb9\" style=\"color:#efeeed;font-size:clamp(14px, 0.875rem + ((1vw - 3.2px) * 0.078), 15px);\">Je propose \u00e9galement des <mark style=\"background-color:rgba(0, 0, 0, 0);color:#ed7a2d\" class=\"has-inline-color\">solutions pratiques<\/mark> pour simplifier votre quotidien : opter pour une cl\u00e9 unique qui ouvre toutes les portes de votre logement r\u00e9duit les risques d\u2019erreur et facilite la <mark style=\"background-color:rgba(0, 0, 0, 0);color:#ed7a2d\" class=\"has-inline-color\">gestion des acc\u00e8s.<\/mark><\/p>\n\n\n\n<p class=\"has-text-align-center has-text-color has-link-color wp-elements-01e10ce52c7867eb58ad63daebc2eb56\" style=\"color:#efeeed;font-size:clamp(14px, 0.875rem + ((1vw - 3.2px) * 0.078), 15px);\">Je r\u00e9alise la duplication de vos cl\u00e9s directement sur place, pour un service rapide et pratique. Besoin de cl\u00e9s de s\u00e9curit\u00e9 sp\u00e9cifiques ? Pas d\u2019inqui\u00e9tude : elles sont disponibles sur commande.<\/p>\n<\/div>\n\n\n\n<div class=\"wp-block-column is-layout-flow wp-block-column-is-layout-flow\">\n<figure class=\"wp-block-image size-large has-custom-border\"><img loading=\"lazy\" decoding=\"async\" width=\"1024\" height=\"680\" src=\"https:\/\/mps-serrurerie.be\/wp-content\/uploads\/2025\/10\/iStock-499518472-1024x680.webp\" alt=\"\" class=\"wp-image-3100\" style=\"border-top-left-radius:22px;border-top-right-radius:22px;border-bottom-left-radius:22px;border-bottom-right-radius:22px\" srcset=\"https:\/\/mps-serrurerie.be\/wp-content\/uploads\/2025\/10\/iStock-499518472-1024x680.webp 1024w, https:\/\/mps-serrurerie.be\/wp-content\/uploads\/2025\/10\/iStock-499518472-300x199.webp 300w, https:\/\/mps-serrurerie.be\/wp-content\/uploads\/2025\/10\/iStock-499518472-768x510.webp 768w, https:\/\/mps-serrurerie.be\/wp-content\/uploads\/2025\/10\/iStock-499518472-1536x1020.webp 1536w, https:\/\/mps-serrurerie.be\/wp-content\/uploads\/2025\/10\/iStock-499518472-scaled.webp 1920w\" sizes=\"auto, (max-width: 1024px) 100vw, 1024px\" \/><\/figure>\n<\/div>\n<\/div>\n\n\n\n<div class=\"wp-block-group is-layout-constrained wp-block-group-is-layout-constrained\" style=\"padding-top:var(--wp--preset--spacing--20);padding-bottom:var(--wp--preset--spacing--20)\">\n<div class=\"wp-block-columns has-border-color has-palette-color-1-border-color has-palette-color-1-background-color has-background is-layout-flex wp-container-core-columns-is-layout-00b55c1a wp-block-columns-is-layout-flex\" id=\"securisation\" style=\"border-width:2px;border-top-left-radius:22px;border-top-right-radius:22px;border-bottom-left-radius:22px;border-bottom-right-radius:22px;margin-top:var(--wp--preset--spacing--50);margin-bottom:var(--wp--preset--spacing--50);padding-top:var(--wp--preset--spacing--60);padding-right:var(--wp--preset--spacing--60);padding-bottom:var(--wp--preset--spacing--60);padding-left:var(--wp--preset--spacing--60)\">\n<div class=\"wp-block-column is-vertically-aligned-center has-palette-color-1-color has-text-color has-link-color wp-elements-8a9139fb9bc18337fc2f19e924f73b2a is-layout-flow wp-block-column-is-layout-flow\">\n<figure class=\"wp-block-image size-large is-resized has-custom-border\" id=\"vehicule\" style=\"margin-top:var(--wp--preset--spacing--30);margin-bottom:var(--wp--preset--spacing--30)\"><img loading=\"lazy\" decoding=\"async\" width=\"683\" height=\"1024\" src=\"https:\/\/mps-serrurerie.be\/wp-content\/uploads\/2026\/01\/pexels-koolshooters-8104027-683x1024.webp\" alt=\"\" class=\"wp-image-3566\" style=\"border-top-left-radius:22px;border-top-right-radius:22px;border-bottom-left-radius:22px;border-bottom-right-radius:22px;aspect-ratio:1.5;object-fit:cover;width:683px;height:auto\" srcset=\"https:\/\/mps-serrurerie.be\/wp-content\/uploads\/2026\/01\/pexels-koolshooters-8104027-683x1024.webp 683w, https:\/\/mps-serrurerie.be\/wp-content\/uploads\/2026\/01\/pexels-koolshooters-8104027-200x300.webp 200w, https:\/\/mps-serrurerie.be\/wp-content\/uploads\/2026\/01\/pexels-koolshooters-8104027-768x1152.webp 768w, https:\/\/mps-serrurerie.be\/wp-content\/uploads\/2026\/01\/pexels-koolshooters-8104027-1024x1536.webp 1024w, https:\/\/mps-serrurerie.be\/wp-content\/uploads\/2026\/01\/pexels-koolshooters-8104027-scaled.webp 1280w\" sizes=\"auto, (max-width: 683px) 100vw, 683px\" \/><\/figure>\n<\/div>\n\n\n\n<div class=\"wp-block-column is-vertically-aligned-center has-palette-color-1-color has-text-color has-link-color wp-elements-58c7b9da45ec0bce771894eec5d9a60d is-layout-flow wp-block-column-is-layout-flow\">\n<p class=\"has-text-align-center\" style=\"font-size:clamp(18.959px, 1.185rem + ((1vw - 3.2px) * 0.863), 30px);\"><strong><strong><mark style=\"background-color:rgba(0, 0, 0, 0);color:#ed7a2d\" class=\"has-inline-color\">Ouverture de v\u00e9hicules<\/mark><\/strong><\/strong><\/p>\n\n\n\n<p class=\"has-text-align-center has-text-color has-link-color wp-elements-b837ecb2c39b5b1dd0d246f1621af496\" style=\"color:#efeeed;font-size:clamp(14px, 0.875rem + ((1vw - 3.2px) * 0.078), 15px);\">Votre v\u00e9hicule est verrouill\u00e9 avec les cl\u00e9s \u00e0 l&rsquo;int\u00e9rieur ?<\/p>\n\n\n\n<p class=\"has-text-align-center has-text-color has-link-color wp-elements-9f2dd1063f04c1d39dcceb8f562be1b4\" style=\"color:#efeeed;font-size:clamp(14px, 0.875rem + ((1vw - 3.2px) * 0.078), 15px);\"><br>Rassurez-vous ! Selon la marque, le mod\u00e8le et l\u2019ann\u00e9e de votre v\u00e9hicule, des <mark style=\"background-color:rgba(0, 0, 0, 0);color:#ed7a2d\" class=\"has-inline-color\">outils sp\u00e9cialis\u00e9s<\/mark> permettent une <mark style=\"background-color:rgba(0, 0, 0, 0);color:#ed7a2d\" class=\"has-inline-color\">ouverture rapide<\/mark> et ma\u00eetris\u00e9e. Je vous propose une intervention <mark style=\"background-color:rgba(0, 0, 0, 0);color:#ed7a2d\" class=\"has-inline-color\">sans d\u00e9g\u00e2t<\/mark>, gr\u00e2ce \u00e0 des techniques modernes et respectueuses de votre carrosserie.<br><\/p>\n\n\n\n<p>Cela<\/p>\n<\/div>\n<\/div>\n<\/div>\n\n\n\n<div class=\"wp-block-group is-content-justification-center is-nowrap is-layout-flex wp-container-core-group-is-layout-02d056ef wp-block-group-is-layout-flex\" style=\"margin-top:var(--wp--preset--spacing--60);margin-bottom:var(--wp--preset--spacing--60)\">\n<div class=\"wp-block-columns are-vertically-aligned-top is-layout-flex wp-container-core-columns-is-layout-28f84493 wp-block-columns-is-layout-flex\">\n<div class=\"wp-block-column is-vertically-aligned-top is-layout-flow wp-block-column-is-layout-flow\" style=\"flex-basis:100%\">\n<p class=\"has-palette-color-1-color has-text-color has-link-color wp-elements-f04f1edb8feaef648a385c6746660298\"><\/p>\n<\/div>\n<\/div>\n<\/div>\n","protected":false},"excerpt":{"rendered":"<p>D\u00e9pannage et ouverture Une porte qui claque derri\u00e8re vous, des cl\u00e9s oubli\u00e9es ou \u00e9gar\u00e9es\u2026 ce sont des situations stressantes qui arrivent souvent au mauvais moment. Pas d\u2019inqui\u00e9tude : interventions rapides 24h\/24 et 7j\/7 pour vous redonner acc\u00e8s \u00e0 votre domicile. En tant que serrurier, je privil\u00e9gie toujours les m\u00e9thodes d\u2019ouverture non destructives afin de pr\u00e9server [&hellip;]<\/p>\n","protected":false},"author":1,"featured_media":0,"parent":0,"menu_order":0,"comment_status":"closed","ping_status":"closed","template":"","meta":{"footnotes":""},"class_list":["post-2846","page","type-page","status-publish","hentry"],"blocksy_meta":{"page_structure_type":"default","styles_descriptor":{"styles":{"desktop":"[data-prefix=\"single_page\"] {background-color:#EFEEED;background-image:none;} [data-prefix=\"single_page\"] [class*=\"ct-container\"] > article[class*=\"post\"] {--has-boxed:var(--false);--has-wide:var(--true);}","tablet":"","mobile":""},"google_fonts":[],"version":6},"disable_featured_image":"no","content_style_source":"custom","content_style":"wide","vertical_spacing_source":"custom","content_area_spacing":"none","background":{"background_type":"color","background_pattern":"type-1","background_image":{"attachment_id":null,"x":0,"y":0},"gradient":"linear-gradient(135deg,rgba(6,147,227,1) 0%,rgb(155,81,224) 100%)","background_repeat":"repeat","background_size":"auto","background_attachment":"scroll","patternColor":{"default":{"color":"#e5e7ea"}},"overlayColor":{"default":{"color":"CT_CSS_SKIP_RULE"}},"backgroundColor":{"default":{"color":"#EFEEED"}}},"has_hero_section":"default","hero_elements":[{"id":"custom_title","enabled":true,"heading_tag":"h1","title":"Accueil","__id":"-_oeP_Ao42N4pt_PoJSIS"},{"id":"custom_description","enabled":true,"description_visibility":{"desktop":true,"tablet":true,"mobile":false},"__id":"mQcyvVDe8K0GZaoacm1zi"},{"id":"custom_meta","enabled":false,"meta_elements":[{"id":"author","enabled":true,"label":"Par","has_author_avatar":"yes","avatar_size":25},{"id":"post_date","enabled":true,"label":"Le","date_format_source":"default","date_format":"M j, Y"},{"id":"updated_date","enabled":false,"label":"Le","date_format_source":"default","date_format":"M j, Y"},{"id":"categories","enabled":false,"label":"Dans","style":"simple"},{"id":"comments","enabled":true}],"page_meta_elements":{"joined":true,"articles_count":true,"comments":true},"__id":"V3E-HyHTarvZ_-fF0Ee62"},{"id":"breadcrumbs","enabled":false,"__id":"jhqHz4wAztl4IsApxYEXt"}]},"_links":{"self":[{"href":"https:\/\/mps-serrurerie.be\/index.php?rest_route=\/wp\/v2\/pages\/2846","targetHints":{"allow":["GET"]}}],"collection":[{"href":"https:\/\/mps-serrurerie.be\/index.php?rest_route=\/wp\/v2\/pages"}],"about":[{"href":"https:\/\/mps-serrurerie.be\/index.php?rest_route=\/wp\/v2\/types\/page"}],"author":[{"embeddable":true,"href":"https:\/\/mps-serrurerie.be\/index.php?rest_route=\/wp\/v2\/users\/1"}],"replies":[{"embeddable":true,"href":"https:\/\/mps-serrurerie.be\/index.php?rest_route=%2Fwp%2Fv2%2Fcomments&post=2846"}],"version-history":[{"count":182,"href":"https:\/\/mps-serrurerie.be\/index.php?rest_route=\/wp\/v2\/pages\/2846\/revisions"}],"predecessor-version":[{"id":3688,"href":"https:\/\/mps-serrurerie.be\/index.php?rest_route=\/wp\/v2\/pages\/2846\/revisions\/3688"}],"wp:attachment":[{"href":"https:\/\/mps-serrurerie.be\/index.php?rest_route=%2Fwp%2Fv2%2Fmedia&parent=2846"}],"curies":[{"name":"wp","href":"https:\/\/api.w.org\/{rel}","templated":true}]}}